{"id":21,"date":"2019-11-28T21:38:00","date_gmt":"2019-11-28T21:38:00","guid":{"rendered":"http:\/\/schmuckatelier-engel.de\/?page_id=21"},"modified":"2020-06-09T21:53:11","modified_gmt":"2020-06-09T21:53:11","slug":"atelier","status":"publish","type":"page","link":"https:\/\/schmuckatelier-engel.de\/?page_id=21","title":{"rendered":"Atelier"},"content":{"rendered":"\n<p>Matthias Engel wurde am 15. Juli 1959 in Frankfurt geboren.<br>Nach seiner Schulzeit auf der Waldorfschule erlernte er im Pestalozzi-Kinderdorf bei Peter Grundmann das Goldschmiedehandwerk mit allen Grundtechniken und Feinheiten.<br>Danach begannen seine Wanderjahre. Es f\u00fchrte ihn zur Goldschmiede Kempter in Freiburg und nach Griechenland zu dem Architekten und Maler Konstantinos Papatheodoron in Tripoli, wo er f\u00fcr sich eine Verbindung von Architektur und Schmuck entwickelte.<br>Ab 1979 folgten Reisen nach Asien (T\u00fcrkei, Iran, Pakistan, Indien und Nepal), wo ihn die islamischen Bauwerke sowie die Ornamentik so beeindruckten, dass sie noch heute in seinem Schmuck wiederzufinden sind.<br>1984 holte Michael Zobel ihn in sein Atelier in Konstanz, in dem er 5 Jahre als Geselle wirkte.<br>1989 \u00fcbernahm er  \u2013 inzwischen als Meister \u2013 die Lehrwerkst\u00e4tte im Pestalozzi-Kinderdorf, die er 13 Jahre leitete.<br>W\u00e4hrend dieser Zeit fanden viele Einzelausstellungen und Messeauftritte im In- und Ausland statt.<br>2002 \u00fcbernahm er die alten Gesch\u00e4ftsr\u00e4ume von Michael Zobel in der Oberen Augustinergasse 4 in Konstanz, in denen er und seine Frau Claudia als Familienunternehmen bis heute ihr K\u00f6nnen unter Beweis stellen.<\/p>\n","protected":false},"excerpt":{"rendered":"<p>Matthias Engel wurde am 15. Juli 1959 in Frankfurt geboren.Nach seiner Schulzeit auf der Waldorfschule erlernte er im Pestalozzi-Kinderdorf bei Peter Grundmann das&hellip;<\/p>\n","protected":false},"author":1,"featured_media":0,"parent":0,"menu_order":0,"comment_status":"closed","ping_status":"closed","template":"","meta":{"footnotes":""},"class_list":["post-21","page","type-page","status-publish","hentry"],"aioseo_notices":[],"jetpack_sharing_enabled":true,"_links":{"self":[{"href":"https:\/\/schmuckatelier-engel.de\/index.php?rest_route=\/wp\/v2\/pages\/21","targetHints":{"allow":["GET"]}}],"collection":[{"href":"https:\/\/schmuckatelier-engel.de\/index.php?rest_route=\/wp\/v2\/pages"}],"about":[{"href":"https:\/\/schmuckatelier-engel.de\/index.php?rest_route=\/wp\/v2\/types\/page"}],"author":[{"embeddable":true,"href":"https:\/\/schmuckatelier-engel.de\/index.php?rest_route=\/wp\/v2\/users\/1"}],"replies":[{"embeddable":true,"href":"https:\/\/schmuckatelier-engel.de\/index.php?rest_route=%2Fwp%2Fv2%2Fcomments&post=21"}],"version-history":[{"count":5,"href":"https:\/\/schmuckatelier-engel.de\/index.php?rest_route=\/wp\/v2\/pages\/21\/revisions"}],"predecessor-version":[{"id":218,"href":"https:\/\/schmuckatelier-engel.de\/index.php?rest_route=\/wp\/v2\/pages\/21\/revisions\/218"}],"wp:attachment":[{"href":"https:\/\/schmuckatelier-engel.de\/index.php?rest_route=%2Fwp%2Fv2%2Fmedia&parent=21"}],"curies":[{"name":"wp","href":"https:\/\/api.w.org\/{rel}","templated":true}]}}